{"id":205,"date":"2025-05-29T11:14:27","date_gmt":"2025-05-29T09:14:27","guid":{"rendered":"https:\/\/associaciolamuntanya.com\/?page_id=205"},"modified":"2025-06-04T11:02:19","modified_gmt":"2025-06-04T09:02:19","slug":"col%c2%b7labora","status":"publish","type":"page","link":"https:\/\/associaciolamuntanya.com\/es\/col%c2%b7labora\/","title":{"rendered":"Colabora"},"content":{"rendered":"<div data-elementor-type=\"wp-page\" data-elementor-id=\"205\" class=\"elementor elementor-205\" data-elementor-post-type=\"page\">\n\t\t\t\t<div class=\"elementor-element elementor-element-f084857 e-flex e-con-boxed e-con e-parent\" data-id=\"f084857\" data-element_type=\"container\">\n\t\t\t\t\t<div class=\"e-con-inner\">\n\t\t\t\t<div class=\"elementor-element elementor-element-4d4ceae elementor-widget elementor-widget-spacer\" data-id=\"4d4ceae\" data-element_type=\"widget\" data-widget_type=\"spacer.default\">\n\t\t\t\t<div class=\"elementor-widget-container\">\n\t\t\t\t\t\t\t<div class=\"elementor-spacer\">\n\t\t\t<div class=\"elementor-spacer-inner\"><\/div>\n\t\t<\/div>\n\t\t\t\t\t\t<\/div>\n\t\t\t\t<\/div>\n\t\t\t\t\t<\/div>\n\t\t\t\t<\/div>\n\t\t<div class=\"elementor-element elementor-element-1eafbc3 e-flex e-con-boxed e-con e-parent\" data-id=\"1eafbc3\" data-element_type=\"container\">\n\t\t\t\t\t<div class=\"e-con-inner\">\n\t\t\t\t<div class=\"elementor-element elementor-element-13d8193 elementor-widget elementor-widget-spacer\" data-id=\"13d8193\" data-element_type=\"widget\" data-widget_type=\"spacer.default\">\n\t\t\t\t<div class=\"elementor-widget-container\">\n\t\t\t\t\t\t\t<div class=\"elementor-spacer\">\n\t\t\t<div class=\"elementor-spacer-inner\"><\/div>\n\t\t<\/div>\n\t\t\t\t\t\t<\/div>\n\t\t\t\t<\/div>\n\t\t\t\t\t<\/div>\n\t\t\t\t<\/div>\n\t\t<div class=\"elementor-element elementor-element-5ea6d42 e-flex e-con-boxed e-con e-parent\" data-id=\"5ea6d42\" data-element_type=\"container\" data-settings=\"{&quot;background_background&quot;:&quot;classic&quot;}\">\n\t\t\t\t\t<div class=\"e-con-inner\">\n\t\t\t\t<div class=\"elementor-element elementor-element-9195a99 elementor-widget elementor-widget-heading\" data-id=\"9195a99\" data-element_type=\"widget\" data-widget_type=\"heading.default\">\n\t\t\t\t<div class=\"elementor-widget-container\">\n\t\t\t\t\t<h2 class=\"elementor-heading-title elementor-size-default\">Colabora<\/h2>\t\t\t\t<\/div>\n\t\t\t\t<\/div>\n\t\t\t\t\t<\/div>\n\t\t\t\t<\/div>\n\t\t\t\t<section class=\"elementor-section elementor-top-section elementor-element elementor-element-5bc68e6 elementor-section-full_width elementor-section-height-default elementor-section-height-default\" data-id=\"5bc68e6\" data-element_type=\"section\">\n\t\t\t\t\t\t<div class=\"elementor-container elementor-column-gap-no\">\n\t\t\t\t\t<div class=\"elementor-column elementor-col-50 elementor-top-column elementor-element elementor-element-7d5d5ef\" data-id=\"7d5d5ef\" data-element_type=\"column\">\n\t\t\t<div class=\"elementor-widget-wrap elementor-element-populated\">\n\t\t\t\t\t\t<div class=\"elementor-element elementor-element-c6c3b1c elementor-widget__width-auto elementor-absolute elementor-hidden-tablet elementor-hidden-mobile_extra elementor-hidden-mobile elementor-hidden-tablet_extra elementor-widget elementor-widget-image\" data-id=\"c6c3b1c\" data-element_type=\"widget\" data-settings=\"{&quot;_position&quot;:&quot;absolute&quot;}\" data-widget_type=\"image.default\">\n\t\t\t\t<div class=\"elementor-widget-container\">\n\t\t\t\t\t\t\t\t\t\t\t\t\t\t\t<img fetchpriority=\"high\" decoding=\"async\" width=\"512\" height=\"1024\" src=\"https:\/\/associaciolamuntanya.com\/wp-content\/uploads\/2025\/06\/Diseno-sin-titulo-4-6-512x1024.png\" class=\"attachment-large size-large wp-image-314\" alt=\"\" srcset=\"https:\/\/associaciolamuntanya.com\/wp-content\/uploads\/2025\/06\/Diseno-sin-titulo-4-6-512x1024.png 512w, https:\/\/associaciolamuntanya.com\/wp-content\/uploads\/2025\/06\/Diseno-sin-titulo-4-6-150x300.png 150w, https:\/\/associaciolamuntanya.com\/wp-content\/uploads\/2025\/06\/Diseno-sin-titulo-4-6.png 600w\" sizes=\"(max-width: 512px) 100vw, 512px\" \/>\t\t\t\t\t\t\t\t\t\t\t\t\t\t\t<\/div>\n\t\t\t\t<\/div>\n\t\t\t\t<section class=\"elementor-section elementor-inner-section elementor-element elementor-element-c0ce90f elementor-section-boxed elementor-section-height-default elementor-section-height-default\" data-id=\"c0ce90f\" data-element_type=\"section\">\n\t\t\t\t\t\t<div class=\"elementor-container elementor-column-gap-no\">\n\t\t\t\t\t<div class=\"elementor-column elementor-col-100 elementor-inner-column elementor-element elementor-element-036c600\" data-id=\"036c600\" data-element_type=\"column\">\n\t\t\t<div class=\"elementor-widget-wrap elementor-element-populated\">\n\t\t\t\t\t\t<div class=\"elementor-element elementor-element-6e847a8 elementor-widget elementor-widget-image\" data-id=\"6e847a8\" data-element_type=\"widget\" data-widget_type=\"image.default\">\n\t\t\t\t<div class=\"elementor-widget-container\">\n\t\t\t\t\t\t\t\t\t\t\t\t\t\t\t<img decoding=\"async\" width=\"800\" height=\"600\" src=\"https:\/\/associaciolamuntanya.com\/wp-content\/uploads\/2025\/06\/799193a9-f61e-4875-af28-bf9a46a9ba8a-1024x768.jpeg\" class=\"attachment-large size-large wp-image-316\" alt=\"\" srcset=\"https:\/\/associaciolamuntanya.com\/wp-content\/uploads\/2025\/06\/799193a9-f61e-4875-af28-bf9a46a9ba8a-1024x768.jpeg 1024w, https:\/\/associaciolamuntanya.com\/wp-content\/uploads\/2025\/06\/799193a9-f61e-4875-af28-bf9a46a9ba8a-300x225.jpeg 300w, https:\/\/associaciolamuntanya.com\/wp-content\/uploads\/2025\/06\/799193a9-f61e-4875-af28-bf9a46a9ba8a-768x576.jpeg 768w, https:\/\/associaciolamuntanya.com\/wp-content\/uploads\/2025\/06\/799193a9-f61e-4875-af28-bf9a46a9ba8a-1536x1152.jpeg 1536w, https:\/\/associaciolamuntanya.com\/wp-content\/uploads\/2025\/06\/799193a9-f61e-4875-af28-bf9a46a9ba8a-2048x1536.jpeg 2048w\" sizes=\"(max-width: 800px) 100vw, 800px\" \/>\t\t\t\t\t\t\t\t\t\t\t\t\t\t\t<\/div>\n\t\t\t\t<\/div>\n\t\t\t\t<div class=\"elementor-element elementor-element-c5c1979 elementor-widget__width-auto elementor-absolute elementor-widget elementor-widget-image\" data-id=\"c5c1979\" data-element_type=\"widget\" data-settings=\"{&quot;_position&quot;:&quot;absolute&quot;}\" data-widget_type=\"image.default\">\n\t\t\t\t<div class=\"elementor-widget-container\">\n\t\t\t\t\t\t\t\t\t\t\t\t\t\t\t<img decoding=\"async\" src=\"https:\/\/associaciolamuntanya.com\/wp-content\/uploads\/2025\/05\/box.png\" title=\"\" alt=\"\" loading=\"lazy\" \/>\t\t\t\t\t\t\t\t\t\t\t\t\t\t\t<\/div>\n\t\t\t\t<\/div>\n\t\t\t\t\t<\/div>\n\t\t<\/div>\n\t\t\t\t\t<\/div>\n\t\t<\/section>\n\t\t\t\t\t<\/div>\n\t\t<\/div>\n\t\t\t\t<div class=\"elementor-column elementor-col-50 elementor-top-column elementor-element elementor-element-a7c9ee1\" data-id=\"a7c9ee1\" data-element_type=\"column\">\n\t\t\t<div class=\"elementor-widget-wrap elementor-element-populated\">\n\t\t\t\t\t\t<div class=\"elementor-element elementor-element-cf14e55 elementor-widget elementor-widget-image\" data-id=\"cf14e55\" data-element_type=\"widget\" data-widget_type=\"image.default\">\n\t\t\t\t<div class=\"elementor-widget-container\">\n\t\t\t\t\t\t\t\t\t\t\t\t\t\t\t<img decoding=\"async\" width=\"33\" height=\"2\" src=\"https:\/\/associaciolamuntanya.com\/wp-content\/uploads\/2025\/05\/line-1.png\" class=\"attachment-large size-large wp-image-55\" alt=\"\" \/>\t\t\t\t\t\t\t\t\t\t\t\t\t\t\t<\/div>\n\t\t\t\t<\/div>\n\t\t\t\t<div class=\"elementor-element elementor-element-cc225f4 elementor-widget elementor-widget-heading\" data-id=\"cc225f4\" data-element_type=\"widget\" data-widget_type=\"heading.default\">\n\t\t\t\t<div class=\"elementor-widget-container\">\n\t\t\t\t\t<h2 class=\"elementor-heading-title elementor-size-default\">Associaci\u00f3 Educativa La Muntanya<\/h2>\t\t\t\t<\/div>\n\t\t\t\t<\/div>\n\t\t\t\t<div class=\"elementor-element elementor-element-8e44d31 elementor-widget elementor-widget-heading\" data-id=\"8e44d31\" data-element_type=\"widget\" data-widget_type=\"heading.default\">\n\t\t\t\t<div class=\"elementor-widget-container\">\n\t\t\t\t\t<h3 class=\"elementor-heading-title elementor-size-default\">Toda ayuda suma<\/h3>\t\t\t\t<\/div>\n\t\t\t\t<\/div>\n\t\t\t\t<div class=\"elementor-element elementor-element-d2ef6f2 elementor-widget elementor-widget-heading\" data-id=\"d2ef6f2\" data-element_type=\"widget\" data-widget_type=\"heading.default\">\n\t\t\t\t<div class=\"elementor-widget-container\">\n\t\t\t\t\t<h4 class=\"elementor-heading-title elementor-size-default\">DONATIVOS<\/h4>\t\t\t\t<\/div>\n\t\t\t\t<\/div>\n\t\t\t\t<div class=\"elementor-element elementor-element-b29003d elementor-widget elementor-widget-text-editor\" data-id=\"b29003d\" data-element_type=\"widget\" data-widget_type=\"text-editor.default\">\n\t\t\t\t<div class=\"elementor-widget-container\">\n\t\t\t\t\t\t\t\t\t<p data-start=\"168\" data-end=\"425\">Con tu apoyo, podemos seguir acompa\u00f1ando a ni\u00f1os y j\u00f3venes con discapacidad intelectual en su crecimiento, desarrollo y autonom\u00eda Sabemos que no todo el mundo puede ayudar de la misma manera, pero para nosotros cualquier aportaci\u00f3n es muy valiosa.<\/p><p data-start=\"427\" data-end=\"684\">Tus donativos nos permiten seguir ofreciendo actividades educativas, terapias y espacios de acogida adaptados a las necesidades de cada ni\u00f1o o ni\u00f1a. Con tu colaboraci\u00f3n, contribuimos juntos a construir un entorno m\u00e1s inclusivo, respetuoso y lleno de oportunidades.<\/p><p data-start=\"686\" data-end=\"864\">Puedes hacer tu aportaci\u00f3n econ\u00f3mica de manera puntual a trav\u00e9s de <strong data-start=\"765\" data-end=\"774\">Bizum<\/strong> o <strong data-start=\"777\" data-end=\"803\">transferencia bancaria<\/strong>.<br data-start=\"804\" data-end=\"807\" \/>Toda ayuda, por peque\u00f1a que sea, hace una gran diferencia.<\/p>\t\t\t\t\t\t\t\t<\/div>\n\t\t\t\t<\/div>\n\t\t\t\t<div class=\"elementor-element elementor-element-fb00e8e elementor-headline--style-highlight elementor-widget elementor-widget-animated-headline\" data-id=\"fb00e8e\" data-element_type=\"widget\" data-settings=\"{&quot;marker&quot;:&quot;underline&quot;,&quot;highlighted_text&quot;:&quot;Gr\\u00e0cies&quot;,&quot;headline_style&quot;:&quot;highlight&quot;,&quot;loop&quot;:&quot;yes&quot;,&quot;highlight_animation_duration&quot;:1200,&quot;highlight_iteration_delay&quot;:8000}\" data-widget_type=\"animated-headline.default\">\n\t\t\t\t<div class=\"elementor-widget-container\">\n\t\t\t\t\t\t\t<h3 class=\"elementor-headline\">\n\t\t\t\t<span class=\"elementor-headline-dynamic-wrapper elementor-headline-text-wrapper\">\n\t\t\t\t\t<span class=\"elementor-headline-dynamic-text elementor-headline-text-active\">Gracias<\/span>\n\t\t\t\t<\/span>\n\t\t\t\t<\/h3>\n\t\t\t\t\t\t<\/div>\n\t\t\t\t<\/div>\n\t\t\t\t\t<\/div>\n\t\t<\/div>\n\t\t\t\t\t<\/div>\n\t\t<\/section>\n\t\t<div class=\"elementor-element elementor-element-48a0e01 e-flex e-con-boxed e-con e-parent\" data-id=\"48a0e01\" data-element_type=\"container\" data-settings=\"{&quot;background_background&quot;:&quot;classic&quot;}\">\n\t\t\t\t\t<div class=\"e-con-inner\">\n\t\t<div class=\"elementor-element elementor-element-ab483b6 e-con-full e-flex e-con e-child\" data-id=\"ab483b6\" data-element_type=\"container\">\n\t\t\t\t<div class=\"elementor-element elementor-element-0c795b5 elementor-view-default elementor-widget elementor-widget-icon\" data-id=\"0c795b5\" data-element_type=\"widget\" data-widget_type=\"icon.default\">\n\t\t\t\t<div class=\"elementor-widget-container\">\n\t\t\t\t\t\t\t<div class=\"elementor-icon-wrapper\">\n\t\t\t<div class=\"elementor-icon\">\n\t\t\t<i aria-hidden=\"true\" class=\"icon icon-savings\"><\/i>\t\t\t<\/div>\n\t\t<\/div>\n\t\t\t\t\t\t<\/div>\n\t\t\t\t<\/div>\n\t\t\t\t<div class=\"elementor-element elementor-element-4f40c50 elementor-widget elementor-widget-heading\" data-id=\"4f40c50\" data-element_type=\"widget\" data-widget_type=\"heading.default\">\n\t\t\t\t<div class=\"elementor-widget-container\">\n\t\t\t\t\t<h2 class=\"elementor-heading-title elementor-size-default\">Donativo mediante Bizum<\/h2>\t\t\t\t<\/div>\n\t\t\t\t<\/div>\n\t\t\t\t<div class=\"elementor-element elementor-element-7e7bcaa elementor-widget elementor-widget-text-editor\" data-id=\"7e7bcaa\" data-element_type=\"widget\" data-widget_type=\"text-editor.default\">\n\t\t\t\t<div class=\"elementor-widget-container\">\n\t\t\t\t\t\t\t\t\t<p data-start=\"30\" data-end=\"234\">Si tienes Bizum activado en la app de tu banco, encontrar\u00e1s la opci\u00f3n \"env\u00edo de dinero a una ONG\". Una vez la selecciones, introduce el c\u00f3digo <strong data-start=\"166\" data-end=\"175\">00000<\/strong>\u00a0a continuaci\u00f3n escoge la cantidad con la que quieres colaborar.<\/p><p data-start=\"236\" data-end=\"260\"><strong data-start=\"236\" data-end=\"260\">Identificador: 00000<\/strong><\/p><p data-start=\"262\" data-end=\"360\" data-is-last-node=\"\" data-is-only-node=\"\"><em>Bizum funciona sin comisiones ni tarifas, por tanto, de esta forma llega el 100% del donativo.<\/em><\/p>\t\t\t\t\t\t\t\t<\/div>\n\t\t\t\t<\/div>\n\t\t\t\t<\/div>\n\t\t<div class=\"elementor-element elementor-element-25a4dd8 e-con-full e-flex e-con e-child\" data-id=\"25a4dd8\" data-element_type=\"container\">\n\t\t\t\t<div class=\"elementor-element elementor-element-9681f67 elementor-view-default elementor-widget elementor-widget-icon\" data-id=\"9681f67\" data-element_type=\"widget\" data-widget_type=\"icon.default\">\n\t\t\t\t<div class=\"elementor-widget-container\">\n\t\t\t\t\t\t\t<div class=\"elementor-icon-wrapper\">\n\t\t\t<div class=\"elementor-icon\">\n\t\t\t<i aria-hidden=\"true\" class=\"icon icon-credit-card\"><\/i>\t\t\t<\/div>\n\t\t<\/div>\n\t\t\t\t\t\t<\/div>\n\t\t\t\t<\/div>\n\t\t\t\t<div class=\"elementor-element elementor-element-013409b elementor-widget elementor-widget-heading\" data-id=\"013409b\" data-element_type=\"widget\" data-widget_type=\"heading.default\">\n\t\t\t\t<div class=\"elementor-widget-container\">\n\t\t\t\t\t<h2 class=\"elementor-heading-title elementor-size-default\">Donativo mediante transferencia bancaria<\/h2>\t\t\t\t<\/div>\n\t\t\t\t<\/div>\n\t\t\t\t<div class=\"elementor-element elementor-element-d977e95 elementor-widget elementor-widget-text-editor\" data-id=\"d977e95\" data-element_type=\"widget\" data-widget_type=\"text-editor.default\">\n\t\t\t\t<div class=\"elementor-widget-container\">\n\t\t\t\t\t\t\t\t\t<p data-start=\"47\" data-end=\"76\">ES9xx 2100 xxxx 6825 xxxx 7856<\/p><p data-start=\"78\" data-end=\"392\" data-is-last-node=\"\" data-is-only-node=\"\">Recuerda que debes a\u00f1adir tu nombre al concepto del ingreso bancario junto con la palabra \u00abDonativo\u00bb. Asimismo, si lo deseas, puedes incluir tu n\u00famero de NIF o NIE en alg\u00fan apartado informativo de la transferencia para que podamos disponer de tus datos a efectos de la identificaci\u00f3n fiscal del donativo.<\/p>\t\t\t\t\t\t\t\t<\/div>\n\t\t\t\t<\/div>\n\t\t\t\t<\/div>\n\t\t\t\t\t<\/div>\n\t\t\t\t<\/div>\n\t\t\t\t<\/div>","protected":false},"excerpt":{"rendered":"<p>Col\u00b7labora Associaci\u00f3 Educativa La Muntanya Tota ajuda suma donatius Amb el teu suport, podem continuar acompanyant infants i joves amb discapacitat intel\u00b7lectual en el seu creixement, desenvolupament i autonomia. Sabem que no tothom pot ajudar de la mateixa manera, per\u00f2 per a nosaltres qualsevol aportaci\u00f3 \u00e9s molt valuosa. Els teus donatius ens permeten seguir oferint [&hellip;]<\/p>","protected":false},"author":2,"featured_media":0,"parent":0,"menu_order":0,"comment_status":"closed","ping_status":"closed","template":"elementor_header_footer","meta":{"footnotes":""},"class_list":["post-205","page","type-page","status-publish","hentry"],"yoast_head":"<!-- This site is optimized with the Yoast SEO plugin v25.2 - https:\/\/yoast.com\/wordpress\/plugins\/seo\/ -->\n<title>Col\u00b7labora -<\/title>\n<meta name=\"robots\" content=\"index, follow, max-snippet:-1, max-image-preview:large, max-video-preview:-1\" \/>\n<link rel=\"canonical\" href=\"https:\/\/associaciolamuntanya.com\/es\/col\u00b7labora\/\" \/>\n<meta property=\"og:locale\" content=\"es_ES\" \/>\n<meta property=\"og:type\" content=\"article\" \/>\n<meta property=\"og:title\" content=\"Col\u00b7labora -\" \/>\n<meta property=\"og:description\" content=\"Col\u00b7labora Associaci\u00f3 Educativa La Muntanya Tota ajuda suma donatius Amb el teu suport, podem continuar acompanyant infants i joves amb discapacitat intel\u00b7lectual en el seu creixement, desenvolupament i autonomia. Sabem que no tothom pot ajudar de la mateixa manera, per\u00f2 per a nosaltres qualsevol aportaci\u00f3 \u00e9s molt valuosa. Els teus donatius ens permeten seguir oferint [&hellip;]\" \/>\n<meta property=\"og:url\" content=\"https:\/\/associaciolamuntanya.com\/es\/col\u00b7labora\/\" \/>\n<meta property=\"article:modified_time\" content=\"2025-06-04T09:02:19+00:00\" \/>\n<meta property=\"og:image\" content=\"https:\/\/associaciolamuntanya.com\/wp-content\/uploads\/2025\/06\/Diseno-sin-titulo-4-6-512x1024.png\" \/>\n<meta name=\"twitter:card\" content=\"summary_large_image\" \/>\n<meta name=\"twitter:label1\" content=\"Tiempo de lectura\" \/>\n\t<meta name=\"twitter:data1\" content=\"1 minuto\" \/>\n<script type=\"application\/ld+json\" class=\"yoast-schema-graph\">{\"@context\":\"https:\/\/schema.org\",\"@graph\":[{\"@type\":\"WebPage\",\"@id\":\"https:\/\/associaciolamuntanya.com\/col%c2%b7labora\/\",\"url\":\"https:\/\/associaciolamuntanya.com\/col%c2%b7labora\/\",\"name\":\"Col\u00b7labora -\",\"isPartOf\":{\"@id\":\"https:\/\/associaciolamuntanya.com\/#website\"},\"primaryImageOfPage\":{\"@id\":\"https:\/\/associaciolamuntanya.com\/col%c2%b7labora\/#primaryimage\"},\"image\":{\"@id\":\"https:\/\/associaciolamuntanya.com\/col%c2%b7labora\/#primaryimage\"},\"thumbnailUrl\":\"https:\/\/associaciolamuntanya.com\/wp-content\/uploads\/2025\/06\/Diseno-sin-titulo-4-6-512x1024.png\",\"datePublished\":\"2025-05-29T09:14:27+00:00\",\"dateModified\":\"2025-06-04T09:02:19+00:00\",\"breadcrumb\":{\"@id\":\"https:\/\/associaciolamuntanya.com\/col%c2%b7labora\/#breadcrumb\"},\"inLanguage\":\"es\",\"potentialAction\":[{\"@type\":\"ReadAction\",\"target\":[\"https:\/\/associaciolamuntanya.com\/col%c2%b7labora\/\"]}]},{\"@type\":\"ImageObject\",\"inLanguage\":\"es\",\"@id\":\"https:\/\/associaciolamuntanya.com\/col%c2%b7labora\/#primaryimage\",\"url\":\"https:\/\/associaciolamuntanya.com\/wp-content\/uploads\/2025\/06\/Diseno-sin-titulo-4-6-512x1024.png\",\"contentUrl\":\"https:\/\/associaciolamuntanya.com\/wp-content\/uploads\/2025\/06\/Diseno-sin-titulo-4-6-512x1024.png\"},{\"@type\":\"BreadcrumbList\",\"@id\":\"https:\/\/associaciolamuntanya.com\/col%c2%b7labora\/#breadcrumb\",\"itemListElement\":[{\"@type\":\"ListItem\",\"position\":1,\"name\":\"Portada\",\"item\":\"https:\/\/associaciolamuntanya.com\/\"},{\"@type\":\"ListItem\",\"position\":2,\"name\":\"Col\u00b7labora\"}]},{\"@type\":\"WebSite\",\"@id\":\"https:\/\/associaciolamuntanya.com\/#website\",\"url\":\"https:\/\/associaciolamuntanya.com\/\",\"name\":\"\",\"description\":\"\",\"potentialAction\":[{\"@type\":\"SearchAction\",\"target\":{\"@type\":\"EntryPoint\",\"urlTemplate\":\"https:\/\/associaciolamuntanya.com\/?s={search_term_string}\"},\"query-input\":{\"@type\":\"PropertyValueSpecification\",\"valueRequired\":true,\"valueName\":\"search_term_string\"}}],\"inLanguage\":\"es\"}]}<\/script>\n<!-- \/ Yoast SEO plugin. -->","yoast_head_json":{"title":"Col\u00b7labora -","robots":{"index":"index","follow":"follow","max-snippet":"max-snippet:-1","max-image-preview":"max-image-preview:large","max-video-preview":"max-video-preview:-1"},"canonical":"https:\/\/associaciolamuntanya.com\/es\/col\u00b7labora\/","og_locale":"es_ES","og_type":"article","og_title":"Col\u00b7labora -","og_description":"Col\u00b7labora Associaci\u00f3 Educativa La Muntanya Tota ajuda suma donatius Amb el teu suport, podem continuar acompanyant infants i joves amb discapacitat intel\u00b7lectual en el seu creixement, desenvolupament i autonomia. Sabem que no tothom pot ajudar de la mateixa manera, per\u00f2 per a nosaltres qualsevol aportaci\u00f3 \u00e9s molt valuosa. Els teus donatius ens permeten seguir oferint [&hellip;]","og_url":"https:\/\/associaciolamuntanya.com\/es\/col\u00b7labora\/","article_modified_time":"2025-06-04T09:02:19+00:00","og_image":[{"url":"https:\/\/associaciolamuntanya.com\/wp-content\/uploads\/2025\/06\/Diseno-sin-titulo-4-6-512x1024.png","type":"","width":"","height":""}],"twitter_card":"summary_large_image","twitter_misc":{"Tiempo de lectura":"1 minuto"},"schema":{"@context":"https:\/\/schema.org","@graph":[{"@type":"WebPage","@id":"https:\/\/associaciolamuntanya.com\/col%c2%b7labora\/","url":"https:\/\/associaciolamuntanya.com\/col%c2%b7labora\/","name":"Col\u00b7labora -","isPartOf":{"@id":"https:\/\/associaciolamuntanya.com\/#website"},"primaryImageOfPage":{"@id":"https:\/\/associaciolamuntanya.com\/col%c2%b7labora\/#primaryimage"},"image":{"@id":"https:\/\/associaciolamuntanya.com\/col%c2%b7labora\/#primaryimage"},"thumbnailUrl":"https:\/\/associaciolamuntanya.com\/wp-content\/uploads\/2025\/06\/Diseno-sin-titulo-4-6-512x1024.png","datePublished":"2025-05-29T09:14:27+00:00","dateModified":"2025-06-04T09:02:19+00:00","breadcrumb":{"@id":"https:\/\/associaciolamuntanya.com\/col%c2%b7labora\/#breadcrumb"},"inLanguage":"es","potentialAction":[{"@type":"ReadAction","target":["https:\/\/associaciolamuntanya.com\/col%c2%b7labora\/"]}]},{"@type":"ImageObject","inLanguage":"es","@id":"https:\/\/associaciolamuntanya.com\/col%c2%b7labora\/#primaryimage","url":"https:\/\/associaciolamuntanya.com\/wp-content\/uploads\/2025\/06\/Diseno-sin-titulo-4-6-512x1024.png","contentUrl":"https:\/\/associaciolamuntanya.com\/wp-content\/uploads\/2025\/06\/Diseno-sin-titulo-4-6-512x1024.png"},{"@type":"BreadcrumbList","@id":"https:\/\/associaciolamuntanya.com\/col%c2%b7labora\/#breadcrumb","itemListElement":[{"@type":"ListItem","position":1,"name":"Portada","item":"https:\/\/associaciolamuntanya.com\/"},{"@type":"ListItem","position":2,"name":"Col\u00b7labora"}]},{"@type":"WebSite","@id":"https:\/\/associaciolamuntanya.com\/#website","url":"https:\/\/associaciolamuntanya.com\/","name":"","description":"","potentialAction":[{"@type":"SearchAction","target":{"@type":"EntryPoint","urlTemplate":"https:\/\/associaciolamuntanya.com\/?s={search_term_string}"},"query-input":{"@type":"PropertyValueSpecification","valueRequired":true,"valueName":"search_term_string"}}],"inLanguage":"es"}]}},"_links":{"self":[{"href":"https:\/\/associaciolamuntanya.com\/es\/wp-json\/wp\/v2\/pages\/205","targetHints":{"allow":["GET"]}}],"collection":[{"href":"https:\/\/associaciolamuntanya.com\/es\/wp-json\/wp\/v2\/pages"}],"about":[{"href":"https:\/\/associaciolamuntanya.com\/es\/wp-json\/wp\/v2\/types\/page"}],"author":[{"embeddable":true,"href":"https:\/\/associaciolamuntanya.com\/es\/wp-json\/wp\/v2\/users\/2"}],"replies":[{"embeddable":true,"href":"https:\/\/associaciolamuntanya.com\/es\/wp-json\/wp\/v2\/comments?post=205"}],"version-history":[{"count":46,"href":"https:\/\/associaciolamuntanya.com\/es\/wp-json\/wp\/v2\/pages\/205\/revisions"}],"predecessor-version":[{"id":638,"href":"https:\/\/associaciolamuntanya.com\/es\/wp-json\/wp\/v2\/pages\/205\/revisions\/638"}],"wp:attachment":[{"href":"https:\/\/associaciolamuntanya.com\/es\/wp-json\/wp\/v2\/media?parent=205"}],"curies":[{"name":"wp","href":"https:\/\/api.w.org\/{rel}","templated":true}]}}