{"id":28,"date":"2025-05-26T17:34:55","date_gmt":"2025-05-26T15:34:55","guid":{"rendered":"https:\/\/associaciolamuntanya.com\/?page_id=28"},"modified":"2025-06-30T17:12:15","modified_gmt":"2025-06-30T15:12:15","slug":"declaracio-daccesibilitat","status":"publish","type":"page","link":"https:\/\/associaciolamuntanya.com\/es\/declaracio-daccesibilitat\/","title":{"rendered":"Declaraci\u00f3 d&#8217;accesibilitat"},"content":{"rendered":"<div data-elementor-type=\"wp-page\" data-elementor-id=\"28\" class=\"elementor elementor-28\" data-elementor-post-type=\"page\">\n\t\t\t\t<div class=\"elementor-element elementor-element-1f0b511 e-flex e-con-boxed e-con e-parent\" data-id=\"1f0b511\" data-element_type=\"container\">\n\t\t\t\t\t<div class=\"e-con-inner\">\n\t\t\t\t<div class=\"elementor-element elementor-element-abd22c9 elementor-widget elementor-widget-spacer\" data-id=\"abd22c9\" data-element_type=\"widget\" data-widget_type=\"spacer.default\">\n\t\t\t\t<div class=\"elementor-widget-container\">\n\t\t\t\t\t\t\t<div class=\"elementor-spacer\">\n\t\t\t<div class=\"elementor-spacer-inner\"><\/div>\n\t\t<\/div>\n\t\t\t\t\t\t<\/div>\n\t\t\t\t<\/div>\n\t\t\t\t\t<\/div>\n\t\t\t\t<\/div>\n\t\t<div class=\"elementor-element elementor-element-1f585b6 e-flex e-con-boxed e-con e-parent\" data-id=\"1f585b6\" data-element_type=\"container\" data-settings=\"{&quot;background_background&quot;:&quot;classic&quot;}\">\n\t\t\t\t\t<div class=\"e-con-inner\">\n\t\t\t\t<div class=\"elementor-element elementor-element-8863a54 elementor-widget elementor-widget-heading\" data-id=\"8863a54\" data-element_type=\"widget\" data-widget_type=\"heading.default\">\n\t\t\t\t<div class=\"elementor-widget-container\">\n\t\t\t\t\t<h2 class=\"elementor-heading-title elementor-size-default\">Declaraci\u00f3n de Accesibilidad<\/h2>\t\t\t\t<\/div>\n\t\t\t\t<\/div>\n\t\t\t\t\t<\/div>\n\t\t\t\t<\/div>\n\t\t<div class=\"elementor-element elementor-element-372af94 e-flex e-con-boxed e-con e-parent\" data-id=\"372af94\" data-element_type=\"container\">\n\t\t\t\t\t<div class=\"e-con-inner\">\n\t\t\t\t<div class=\"elementor-element elementor-element-5356b4a elementor-widget elementor-widget-text-editor\" data-id=\"5356b4a\" data-element_type=\"widget\" data-widget_type=\"text-editor.default\">\n\t\t\t\t<div class=\"elementor-widget-container\">\n\t\t\t\t\t\t\t\t\t<p>La empresa desarrolladora de la web www.associaciolamuntanya.com, se ha comprometido a hacer accesible su sitio web de conformidad con el Real Decreto 1112\/2018, de 7 de septiembre, sobre accesibilidad de los sitios web y aplicaciones para dispositivos m\u00f3viles del sector p\u00fablico, o desarrollos financiados desde Europa.<\/p><p>La presente declaraci\u00f3n de accesibilidad se aplica al sitio web www.associaciolamuntanya.com excluyendo los contenidos incrustados provenientes de otros dominios.<\/p><h4>SITUACI\u00d3N DE CUMPLIMIENTO<\/h4><p>Este sitio web es Parcialmente conforme con el RD 1112\/2018 debido a la falta de conformidad de los aspectos que se indican a continuaci\u00f3n.<\/p><h4>Contenido no accesible<\/h4><p>El contenido que se recoge a continuaci\u00f3n no es accesible por los siguientes motivos:<\/p><p>Falta de conformidad:<\/p><ul><li>Puede existir algunas alternativas textuales que no sean correctas \u2013 Requisito n\u00famero 9.1.1.1 Contenido no textual de UNE-EN 301549:2022<\/li><li>Podr\u00edan existir fallos puntuales de edici\u00f3n en alguna de las secciones de la p\u00e1gina web.<\/li><li>Carga desproporcionada: no resulta aplicable.<\/li><li>El contenido no entra dentro del \u00e1mbito de la legislaci\u00f3n aplicable.<\/li><\/ul><p>Si desea notificar alg\u00fan problema de accesibilidad puede enviarnos un correo a <span class=\"elementor-icon-list-text\">info@associaciolamuntanya.com<\/span><\/p>\t\t\t\t\t\t\t\t<\/div>\n\t\t\t\t<\/div>\n\t\t\t\t\t<\/div>\n\t\t\t\t<\/div>\n\t\t\t\t<\/div>","protected":false},"excerpt":{"rendered":"<p>Declaraci\u00f3n de Accesibilidad La empresa desarrolladora de la web www.associaciolamuntanya.com, se ha comprometido a hacer accesible su sitio web de conformidad con el Real Decreto 1112\/2018, de 7 de septiembre, sobre accesibilidad de los sitios web y aplicaciones para dispositivos m\u00f3viles del sector p\u00fablico, o desarrollos financiados desde Europa. La presente declaraci\u00f3n de accesibilidad se [&hellip;]<\/p>","protected":false},"author":2,"featured_media":0,"parent":0,"menu_order":0,"comment_status":"closed","ping_status":"closed","template":"elementor_header_footer","meta":{"footnotes":""},"class_list":["post-28","page","type-page","status-publish","hentry"],"yoast_head":"<!-- This site is optimized with the Yoast SEO plugin v25.2 - https:\/\/yoast.com\/wordpress\/plugins\/seo\/ -->\n<title>Declaraci\u00f3 d&#039;accesibilitat -<\/title>\n<meta name=\"robots\" content=\"index, follow, max-snippet:-1, max-image-preview:large, max-video-preview:-1\" \/>\n<link rel=\"canonical\" href=\"https:\/\/associaciolamuntanya.com\/es\/declaracio-daccesibilitat\/\" \/>\n<meta property=\"og:locale\" content=\"es_ES\" \/>\n<meta property=\"og:type\" content=\"article\" \/>\n<meta property=\"og:title\" content=\"Declaraci\u00f3 d&#039;accesibilitat -\" \/>\n<meta property=\"og:description\" content=\"Declaraci\u00f3n de Accesibilidad La empresa desarrolladora de la web www.associaciolamuntanya.com, se ha comprometido a hacer accesible su sitio web de conformidad con el Real Decreto 1112\/2018, de 7 de septiembre, sobre accesibilidad de los sitios web y aplicaciones para dispositivos m\u00f3viles del sector p\u00fablico, o desarrollos financiados desde Europa. La presente declaraci\u00f3n de accesibilidad se [&hellip;]\" \/>\n<meta property=\"og:url\" content=\"https:\/\/associaciolamuntanya.com\/es\/declaracio-daccesibilitat\/\" \/>\n<meta property=\"article:modified_time\" content=\"2025-06-30T15:12:15+00:00\" \/>\n<meta name=\"twitter:card\" content=\"summary_large_image\" \/>\n<meta name=\"twitter:label1\" content=\"Tiempo de lectura\" \/>\n\t<meta name=\"twitter:data1\" content=\"1 minuto\" \/>\n<script type=\"application\/ld+json\" class=\"yoast-schema-graph\">{\"@context\":\"https:\/\/schema.org\",\"@graph\":[{\"@type\":\"WebPage\",\"@id\":\"https:\/\/associaciolamuntanya.com\/declaracio-daccesibilitat\/\",\"url\":\"https:\/\/associaciolamuntanya.com\/declaracio-daccesibilitat\/\",\"name\":\"Declaraci\u00f3 d'accesibilitat -\",\"isPartOf\":{\"@id\":\"https:\/\/associaciolamuntanya.com\/#website\"},\"datePublished\":\"2025-05-26T15:34:55+00:00\",\"dateModified\":\"2025-06-30T15:12:15+00:00\",\"breadcrumb\":{\"@id\":\"https:\/\/associaciolamuntanya.com\/declaracio-daccesibilitat\/#breadcrumb\"},\"inLanguage\":\"es\",\"potentialAction\":[{\"@type\":\"ReadAction\",\"target\":[\"https:\/\/associaciolamuntanya.com\/declaracio-daccesibilitat\/\"]}]},{\"@type\":\"BreadcrumbList\",\"@id\":\"https:\/\/associaciolamuntanya.com\/declaracio-daccesibilitat\/#breadcrumb\",\"itemListElement\":[{\"@type\":\"ListItem\",\"position\":1,\"name\":\"Portada\",\"item\":\"https:\/\/associaciolamuntanya.com\/\"},{\"@type\":\"ListItem\",\"position\":2,\"name\":\"Declaraci\u00f3 d&#8217;accesibilitat\"}]},{\"@type\":\"WebSite\",\"@id\":\"https:\/\/associaciolamuntanya.com\/#website\",\"url\":\"https:\/\/associaciolamuntanya.com\/\",\"name\":\"\",\"description\":\"\",\"potentialAction\":[{\"@type\":\"SearchAction\",\"target\":{\"@type\":\"EntryPoint\",\"urlTemplate\":\"https:\/\/associaciolamuntanya.com\/?s={search_term_string}\"},\"query-input\":{\"@type\":\"PropertyValueSpecification\",\"valueRequired\":true,\"valueName\":\"search_term_string\"}}],\"inLanguage\":\"es\"}]}<\/script>\n<!-- \/ Yoast SEO plugin. -->","yoast_head_json":{"title":"Declaraci\u00f3 d'accesibilitat -","robots":{"index":"index","follow":"follow","max-snippet":"max-snippet:-1","max-image-preview":"max-image-preview:large","max-video-preview":"max-video-preview:-1"},"canonical":"https:\/\/associaciolamuntanya.com\/es\/declaracio-daccesibilitat\/","og_locale":"es_ES","og_type":"article","og_title":"Declaraci\u00f3 d'accesibilitat -","og_description":"Declaraci\u00f3n de Accesibilidad La empresa desarrolladora de la web www.associaciolamuntanya.com, se ha comprometido a hacer accesible su sitio web de conformidad con el Real Decreto 1112\/2018, de 7 de septiembre, sobre accesibilidad de los sitios web y aplicaciones para dispositivos m\u00f3viles del sector p\u00fablico, o desarrollos financiados desde Europa. La presente declaraci\u00f3n de accesibilidad se [&hellip;]","og_url":"https:\/\/associaciolamuntanya.com\/es\/declaracio-daccesibilitat\/","article_modified_time":"2025-06-30T15:12:15+00:00","twitter_card":"summary_large_image","twitter_misc":{"Tiempo de lectura":"1 minuto"},"schema":{"@context":"https:\/\/schema.org","@graph":[{"@type":"WebPage","@id":"https:\/\/associaciolamuntanya.com\/declaracio-daccesibilitat\/","url":"https:\/\/associaciolamuntanya.com\/declaracio-daccesibilitat\/","name":"Declaraci\u00f3 d'accesibilitat -","isPartOf":{"@id":"https:\/\/associaciolamuntanya.com\/#website"},"datePublished":"2025-05-26T15:34:55+00:00","dateModified":"2025-06-30T15:12:15+00:00","breadcrumb":{"@id":"https:\/\/associaciolamuntanya.com\/declaracio-daccesibilitat\/#breadcrumb"},"inLanguage":"es","potentialAction":[{"@type":"ReadAction","target":["https:\/\/associaciolamuntanya.com\/declaracio-daccesibilitat\/"]}]},{"@type":"BreadcrumbList","@id":"https:\/\/associaciolamuntanya.com\/declaracio-daccesibilitat\/#breadcrumb","itemListElement":[{"@type":"ListItem","position":1,"name":"Portada","item":"https:\/\/associaciolamuntanya.com\/"},{"@type":"ListItem","position":2,"name":"Declaraci\u00f3 d&#8217;accesibilitat"}]},{"@type":"WebSite","@id":"https:\/\/associaciolamuntanya.com\/#website","url":"https:\/\/associaciolamuntanya.com\/","name":"","description":"","potentialAction":[{"@type":"SearchAction","target":{"@type":"EntryPoint","urlTemplate":"https:\/\/associaciolamuntanya.com\/?s={search_term_string}"},"query-input":{"@type":"PropertyValueSpecification","valueRequired":true,"valueName":"search_term_string"}}],"inLanguage":"es"}]}},"_links":{"self":[{"href":"https:\/\/associaciolamuntanya.com\/es\/wp-json\/wp\/v2\/pages\/28","targetHints":{"allow":["GET"]}}],"collection":[{"href":"https:\/\/associaciolamuntanya.com\/es\/wp-json\/wp\/v2\/pages"}],"about":[{"href":"https:\/\/associaciolamuntanya.com\/es\/wp-json\/wp\/v2\/types\/page"}],"author":[{"embeddable":true,"href":"https:\/\/associaciolamuntanya.com\/es\/wp-json\/wp\/v2\/users\/2"}],"replies":[{"embeddable":true,"href":"https:\/\/associaciolamuntanya.com\/es\/wp-json\/wp\/v2\/comments?post=28"}],"version-history":[{"count":7,"href":"https:\/\/associaciolamuntanya.com\/es\/wp-json\/wp\/v2\/pages\/28\/revisions"}],"predecessor-version":[{"id":704,"href":"https:\/\/associaciolamuntanya.com\/es\/wp-json\/wp\/v2\/pages\/28\/revisions\/704"}],"wp:attachment":[{"href":"https:\/\/associaciolamuntanya.com\/es\/wp-json\/wp\/v2\/media?parent=28"}],"curies":[{"name":"wp","href":"https:\/\/api.w.org\/{rel}","templated":true}]}}